{"id":19,"date":"2023-05-16T13:00:44","date_gmt":"2023-05-16T11:00:44","guid":{"rendered":"https:\/\/marianroos.nl\/?page_id=19"},"modified":"2025-10-03T16:59:15","modified_gmt":"2025-10-03T14:59:15","slug":"home","status":"publish","type":"page","link":"https:\/\/marianroos.nl\/","title":{"rendered":"Home"},"content":{"rendered":"\t\t<div data-elementor-type=\"wp-page\" data-elementor-id=\"19\" class=\"elementor elementor-19\" data-elementor-post-type=\"page\">\n\t\t\t\t\t\t<section class=\"elementor-section elementor-top-section elementor-element elementor-element-9b174a8 elementor-section-full_width elementor-section-height-default elementor-section-height-default\" data-id=\"9b174a8\" data-element_type=\"section\" data-e-type=\"section\">\n\t\t\t\t\t\t<div class=\"elementor-container elementor-column-gap-no\">\n\t\t\t\t\t<div class=\"elementor-column elementor-col-100 elementor-top-column elementor-element elementor-element-cd18d82\" data-id=\"cd18d82\" data-element_type=\"column\" data-e-type=\"column\">\n\t\t\t<div class=\"elementor-widget-wrap elementor-element-populated\">\n\t\t\t\t\t\t<div class=\"elementor-element elementor-element-4d570ed elementor-widget__width-initial elementor-widget elementor-widget-image\" data-id=\"4d570ed\" data-element_type=\"widget\" data-e-type=\"widget\" data-widget_type=\"image.default\">\n\t\t\t\t<div class=\"elementor-widget-container\">\n\t\t\t\t\t\t\t\t\t\t\t\t\t\t\t<img fetchpriority=\"high\" decoding=\"async\" width=\"2555\" height=\"644\" src=\"https:\/\/marianroos.nl\/wp-content\/uploads\/2023\/05\/IMG_2132-1-1-scaled-e1730815283996.jpg\" class=\"attachment-full size-full wp-image-77\" alt=\"\" srcset=\"https:\/\/marianroos.nl\/wp-content\/uploads\/2023\/05\/IMG_2132-1-1-scaled-e1730815283996.jpg 2555w, https:\/\/marianroos.nl\/wp-content\/uploads\/2023\/05\/IMG_2132-1-1-scaled-e1730815283996-300x76.jpg 300w, https:\/\/marianroos.nl\/wp-content\/uploads\/2023\/05\/IMG_2132-1-1-scaled-e1730815283996-1024x258.jpg 1024w, https:\/\/marianroos.nl\/wp-content\/uploads\/2023\/05\/IMG_2132-1-1-scaled-e1730815283996-768x194.jpg 768w, https:\/\/marianroos.nl\/wp-content\/uploads\/2023\/05\/IMG_2132-1-1-scaled-e1730815283996-1536x387.jpg 1536w, https:\/\/marianroos.nl\/wp-content\/uploads\/2023\/05\/IMG_2132-1-1-scaled-e1730815283996-2048x516.jpg 2048w, https:\/\/marianroos.nl\/wp-content\/uploads\/2023\/05\/IMG_2132-1-1-scaled-e1730815283996-600x151.jpg 600w\" sizes=\"(max-width: 2555px) 100vw, 2555px\" \/>\t\t\t\t\t\t\t\t\t\t\t\t\t\t\t<\/div>\n\t\t\t\t<\/div>\n\t\t\t\t\t<\/div>\n\t\t<\/div>\n\t\t\t\t\t<\/div>\n\t\t<\/section>\n\t\t\t\t<section class=\"elementor-section elementor-top-section elementor-element elementor-element-0564da9 elementor-hidden-mobile elementor-section-boxed elementor-section-height-default elementor-section-height-default\" data-id=\"0564da9\" data-element_type=\"section\" data-e-type=\"section\">\n\t\t\t\t\t\t<div class=\"elementor-container elementor-column-gap-default\">\n\t\t\t\t\t<div class=\"elementor-column elementor-col-100 elementor-top-column elementor-element elementor-element-57d9c1c\" data-id=\"57d9c1c\" data-element_type=\"column\" data-e-type=\"column\">\n\t\t\t<div class=\"elementor-widget-wrap elementor-element-populated\">\n\t\t\t\t\t\t<div class=\"elementor-element elementor-element-6c50b87 elementor-blockquote--skin-clean elementor-blockquote--align-center elementor-blockquote--button-color-official elementor-widget elementor-widget-blockquote\" data-id=\"6c50b87\" data-element_type=\"widget\" data-e-type=\"widget\" data-widget_type=\"blockquote.default\">\n\t\t\t\t<div class=\"elementor-widget-container\">\n\t\t\t\t\t\t\t<blockquote class=\"elementor-blockquote\">\n\t\t\t<p class=\"elementor-blockquote__content\">\n\t\t\t\t<span style=\"font-family: &quot;Josefin Sans&quot;, sans-serif; font-size: 32px; letter-spacing: 0.9px; text-align: center; white-space: normal;\">\" De connectie maken met je adem is de eerste stap <br>naar zelfheling en bewustzijn.\"<\/span>\t\t\t<\/p>\n\t\t\t\t\t<\/blockquote>\n\t\t\t\t\t\t<\/div>\n\t\t\t\t<\/div>\n\t\t\t\t\t<\/div>\n\t\t<\/div>\n\t\t\t\t\t<\/div>\n\t\t<\/section>\n\t\t<div class=\"elementor-element elementor-element-7e59eff elementor-hidden-desktop elementor-hidden-tablet e-flex e-con-boxed e-con e-parent\" data-id=\"7e59eff\" data-element_type=\"container\" data-e-type=\"container\">\n\t\t\t\t\t<div class=\"e-con-inner\">\n\t\t\t\t<div class=\"elementor-element elementor-element-4ce9b7b elementor-widget elementor-widget-text-editor\" data-id=\"4ce9b7b\" data-element_type=\"widget\" data-e-type=\"widget\" data-widget_type=\"text-editor.default\">\n\t\t\t\t<div class=\"elementor-widget-container\">\n\t\t\t\t\t\t\t\t\t<p>De connectie maken met je adem is de eerste stap naar zelfheling en bewustzijn.&#8221;<\/p>\t\t\t\t\t\t\t\t<\/div>\n\t\t\t\t<\/div>\n\t\t\t\t\t<\/div>\n\t\t\t\t<\/div>\n\t\t<div class=\"elementor-element elementor-element-7cab949 elementor-hidden-tablet elementor-hidden-mobile e-flex e-con-boxed e-con e-parent\" data-id=\"7cab949\" data-element_type=\"container\" data-e-type=\"container\" data-settings=\"{&quot;background_background&quot;:&quot;classic&quot;}\">\n\t\t\t\t\t<div class=\"e-con-inner\">\n\t\t\t\t<div class=\"elementor-element elementor-element-847e08c elementor-widget-mobile__width-initial elementor-widget elementor-widget-text-editor\" data-id=\"847e08c\" data-element_type=\"widget\" data-e-type=\"widget\" data-widget_type=\"text-editor.default\">\n\t\t\t\t<div class=\"elementor-widget-container\">\n\t\t\t\t\t\t\t\t\t<p>Mogen jouw innerlijke kinderen mee op reis?<\/p><p>Je innerlijke kinderen zijn die deeltjes in jezelf die vaak diep verborgen\u00a0zitten en die allemaal stukjes trauma van vroeger dragen. Op de meest\u00a0onverwachte momenten laten ze van zich horen. We voelen dan een pijn, een angst\u00a0die we wel of niet kunnen verklaren of hebben een kort lontje en vragen onszelf\u00a0af: waar komt dat nu ineens vandaan?<\/p><p>Meestal schamen we ons hiervoor of duwen dat gevoel snel naar de\u00a0achtergrond.\u00a0Het kleine meisje of jongetje in ons voelt zich dan weer niet gezien of\u00a0voelt zich weer afgewezen en kruipt weer in haar of zijn hoekje.<\/p><p>Hoe zou het zijn als we deze innerlijke kinderen \u00e9\u00e9n voor \u00e9\u00e9n uitnodigen om\u00a0te voorschijn te komen en te omarmen zodat ze gezien worden en zich welkom\u00a0voelen in ons leven.\u00a0Hoe zou het zijn als we deze (primaire) pijnen en angsten en frustraties\u00a0bewust kunnen voelen en dragen in ons lichaam waardoor de trauma\u2019s die hier\u00a0achter zitten op een veilige en zachte manier kunnen integreren zodat we vrij\u00a0zijn.<\/p><p>Hoe zou het zijn om vanuit die vrijheid de liefde voor jezelf\u00a0onvoorwaardelijk te mogen voelen zodat je vanuit een diepe verbinding met\u00a0jezelf gezonde en liefdevolle relaties met anderen aan kunt gaan?<\/p><p>Wees welkom zodat we samen kunnen kijken wat jij\u00a0 nodig hebt om dit te bereiken.\u00a0Een opstelling of een verbonden ademsessie of een hypnotherapie sessie.<\/p>\t\t\t\t\t\t\t\t<\/div>\n\t\t\t\t<\/div>\n\t\t\t\t\t<\/div>\n\t\t\t\t<\/div>\n\t\t<div class=\"elementor-element elementor-element-a4fb697 elementor-hidden-desktop e-flex e-con-boxed e-con e-parent\" data-id=\"a4fb697\" data-element_type=\"container\" data-e-type=\"container\" data-settings=\"{&quot;background_background&quot;:&quot;classic&quot;}\">\n\t\t\t\t\t<div class=\"e-con-inner\">\n\t\t\t\t<div class=\"elementor-element elementor-element-56cddbc elementor-widget elementor-widget-text-editor\" data-id=\"56cddbc\" data-element_type=\"widget\" data-e-type=\"widget\" data-widget_type=\"text-editor.default\">\n\t\t\t\t<div class=\"elementor-widget-container\">\n\t\t\t\t\t\t\t\t\t<p>Mogen jouw innerlijke kinderen mee op reis?<br><br><\/p>\n<p>Je innerlijke kinderen zijn die deeltjes in jezelf die vaak diep verborgen&nbsp;zitten en die allemaal stukjes trauma van vroeger dragen. Op de meest&nbsp;onverwachte momenten laten ze van zich horen. We voelen dan een pijn, een angst&nbsp;die we wel of niet kunnen verklaren of hebben een kort lontje en vragen onszelf&nbsp;af: waar komt dat nu ineens vandaan?<br><br><\/p>\n<p>Meestal schamen we ons hiervoor of duwen dat gevoel snel naar de&nbsp;achtergrond.&nbsp;Het kleine meisje of jongetje in ons voelt zich dan weer niet gezien of&nbsp;voelt zich weer afgewezen en kruipt weer in haar of zijn hoekje.<br><br><\/p>\n<p>Hoe zou het zijn als we deze innerlijke kinderen \u00e9\u00e9n voor \u00e9\u00e9n uitnodigen om&nbsp;te voorschijn te komen en te omarmen zodat ze gezien worden en zich welkom&nbsp;voelen in ons leven.&nbsp;Hoe zou het zijn als we deze (primaire) pijnen en angsten en frustraties&nbsp;bewust kunnen voelen en dragen in ons lichaam waardoor de trauma\u2019s die hier&nbsp;achter zitten op een veilige en zachte manier kunnen integreren zodat we vrij&nbsp;zijn.<br><br><\/p>\n<p>Hoe zou het zijn om vanuit die vrijheid de liefde voor jezelf&nbsp;onvoorwaardelijk te mogen voelen zodat je vanuit een diepe verbinding met&nbsp;jezelf gezonde en liefdevolle relaties met anderen aan kunt gaan?<br><br><\/p>\n<p>Wees welkom zodat we samen kunnen kijken wat jij&nbsp; nodig hebt om dit te bereiken.&nbsp;Een opstelling of een verbonden ademsessie of een hypnotherapie sessie.<\/p>\t\t\t\t\t\t\t\t<\/div>\n\t\t\t\t<\/div>\n\t\t\t\t\t<\/div>\n\t\t\t\t<\/div>\n\t\t<div class=\"elementor-element elementor-element-undefined-2cf3a72 e-flex e-con-boxed e-con e-parent\" data-id=\"undefined-2cf3a72\" data-element_type=\"container\" data-e-type=\"container\">\n\t\t\t\t\t<div class=\"e-con-inner\">\n\t\t<div class=\"elementor-element elementor-element-undefined-df5a810 e-con-full e-flex e-con e-child\" data-id=\"undefined-df5a810\" data-element_type=\"container\" data-e-type=\"container\">\n\t\t\t\t<div class=\"elementor-element elementor-element-undefined-3cee8f9 elementor-widget elementor-widget-image\" data-id=\"undefined-3cee8f9\" data-element_type=\"widget\" data-e-type=\"widget\" data-widget_type=\"image.default\">\n\t\t\t\t<div class=\"elementor-widget-container\">\n\t\t\t\t\t\t\t\t\t\t\t\t\t\t\t<img decoding=\"async\" width=\"800\" height=\"999\" src=\"https:\/\/marianroos.nl\/wp-content\/uploads\/2023\/05\/WhatsApp-Image-2023-05-03-at-20.43.29-e1730815571977-820x1024.jpeg\" class=\"attachment-large size-large wp-image-78\" alt=\"\" srcset=\"https:\/\/marianroos.nl\/wp-content\/uploads\/2023\/05\/WhatsApp-Image-2023-05-03-at-20.43.29-e1730815571977-820x1024.jpeg 820w, https:\/\/marianroos.nl\/wp-content\/uploads\/2023\/05\/WhatsApp-Image-2023-05-03-at-20.43.29-e1730815571977-240x300.jpeg 240w, https:\/\/marianroos.nl\/wp-content\/uploads\/2023\/05\/WhatsApp-Image-2023-05-03-at-20.43.29-e1730815571977-768x959.jpeg 768w, https:\/\/marianroos.nl\/wp-content\/uploads\/2023\/05\/WhatsApp-Image-2023-05-03-at-20.43.29-e1730815571977-600x749.jpeg 600w, https:\/\/marianroos.nl\/wp-content\/uploads\/2023\/05\/WhatsApp-Image-2023-05-03-at-20.43.29-e1730815571977.jpeg 1099w\" sizes=\"(max-width: 800px) 100vw, 800px\" \/>\t\t\t\t\t\t\t\t\t\t\t\t\t\t\t<\/div>\n\t\t\t\t<\/div>\n\t\t\t\t<\/div>\n\t\t<div class=\"elementor-element elementor-element-undefined-fbf3c63 e-con-full e-flex e-con e-child\" data-id=\"undefined-fbf3c63\" data-element_type=\"container\" data-e-type=\"container\">\n\t\t\t\t<div class=\"elementor-element elementor-element-undefined-f1aa3c6 elementor-widget__width-initial elementor-widget elementor-widget-text-editor\" data-id=\"undefined-f1aa3c6\" data-element_type=\"widget\" data-e-type=\"widget\" data-widget_type=\"text-editor.default\">\n\t\t\t\t<div class=\"elementor-widget-container\">\n\t\t\t\t\t\t\t\t\t<p>Hallo! Ik ben Marian en ik woon in Amsterdam. Op mijn 18e ben ik begonnen in de gezondheidszorg, waar ik later als intensive care verpleegkundige heb gewerkt. Toen mijn jongste dochter vier jaar oud was, maakte ik de overstap naar het onderwijs. Nu ben ik actief als leerkracht op een basisschool, en het werken met kinderen brengt me elke dag immense vreugde.\u00a0<\/p><p>Tijdens mijn opleiding tot kinderyoga-leraar ontdekte ik diverse ademtechnieken. Vervolgens heb ik trainingen gevolgd tot ademcoach in zowel Turkije als Itali\u00eb. Inmiddels ben ik al 16 jaar ademcoach en ben ik vijf jaar trainer van de Bewust Verbonden Ademopleiding.\u00a0<\/p><p>Door ademwerk heb ik mezelf beter leren kennen. Waar ik vroeger altijd maar aan het brandjes blussen was en bezig om alles te managen, ben ik nu in staat om meer rust en tijd voor mezelf te nemen. Ik observeer mijn gedrag en de oorsprong ervan, evenals het gedrag van anderen, zonder te oordelen.\u00a0<\/p><p>Mijn passie ligt in het begeleiden van mensen op hun weg terug naar hun ware zelf, naar de essentie van wie zij zijn. Dit omvat het terugleiden naar onvoorwaardelijke liefde voor onszelf, zodat we begrip kunnen opbrengen voor onze keuzes, vaak gemaakt uit een verlangen naar veiligheid. Terug naar de plek waar we elkaar kunnen vergeven, zodat we onze pijnen kunnen loslaten en niet langer in een slachtofferrol blijven.\u00a0<\/p><p>Ik ben hier om mensen te ondersteunen op hun reis naar bewustwording en innerlijke rust.<\/p>\t\t\t\t\t\t\t\t<\/div>\n\t\t\t\t<\/div>\n\t\t\t\t<\/div>\n\t\t\t\t\t<\/div>\n\t\t\t\t<\/div>\n\t\t<div class=\"elementor-element elementor-element-57b1473 elementor-hidden-mobile e-flex e-con-boxed e-con e-parent\" data-id=\"57b1473\" data-element_type=\"container\" data-e-type=\"container\">\n\t\t\t\t\t<div class=\"e-con-inner\">\n\t\t\t\t<div class=\"elementor-element elementor-element-0766d9c elementor-widget-divider--view-line elementor-widget elementor-widget-divider\" data-id=\"0766d9c\" data-element_type=\"widget\" data-e-type=\"widget\" data-widget_type=\"divider.default\">\n\t\t\t\t<div class=\"elementor-widget-container\">\n\t\t\t\t\t\t\t<div class=\"elementor-divider\">\n\t\t\t<span class=\"elementor-divider-separator\">\n\t\t\t\t\t\t<\/span>\n\t\t<\/div>\n\t\t\t\t\t\t<\/div>\n\t\t\t\t<\/div>\n\t\t\t\t\t<\/div>\n\t\t\t\t<\/div>\n\t\t<div class=\"elementor-element elementor-element-54t5uLf e-con-full e-flex e-con e-parent\" data-id=\"54t5uLf\" data-element_type=\"container\" data-e-type=\"container\">\n\t\t<div class=\"elementor-element elementor-element-IulfqzK e-flex e-con-boxed e-con e-child\" data-id=\"IulfqzK\" data-element_type=\"container\" data-e-type=\"container\">\n\t\t\t\t\t<div class=\"e-con-inner\">\n\t\t\t\t<div class=\"elementor-element elementor-element-QhRPeYp elementor-widget elementor-widget-heading\" data-id=\"QhRPeYp\" data-element_type=\"widget\" data-e-type=\"widget\" data-widget_type=\"heading.default\">\n\t\t\t\t<div class=\"elementor-widget-container\">\n\t\t\t\t\t<h2 class=\"elementor-heading-title elementor-size-default\">Waarom Kiezen Voor Ademwerk?<\/h2>\t\t\t\t<\/div>\n\t\t\t\t<\/div>\n\t\t\t\t<div class=\"elementor-element elementor-element-c6BmM7V elementor-widget elementor-widget-text-editor\" data-id=\"c6BmM7V\" data-element_type=\"widget\" data-e-type=\"widget\" data-widget_type=\"text-editor.default\">\n\t\t\t\t<div class=\"elementor-widget-container\">\n\t\t\t\t\t\t\t\t\t<p>Ademwerk is meer dan alleen een techniek; het is een manier van leven. Het stelt je in staat om dieper in contact te komen met jezelf en de dingen die je tegenhouden. Door middel van bewust ademen leer je spanning los te laten en ruimte te maken voor nieuwe inzichten. Iedereen kan profiteren van ademwerk, of je nu stress wilt verminderen, jezelf beter wilt leren kennen of gewoon op zoek bent naar meer innerlijke rust. Ontdek hoe ademhaling je leven kan transformeren en maak de eerste stap naar jouw persoonlijke reis.<\/p>\t\t\t\t\t\t\t\t<\/div>\n\t\t\t\t<\/div>\n\t\t\t\t<div class=\"elementor-element elementor-element-DFrdCDZ elementor-widget__width-auto elementor-align-right elementor-widget elementor-widget-button\" data-id=\"DFrdCDZ\" data-element_type=\"widget\" data-e-type=\"widget\" data-widget_type=\"button.default\">\n\t\t\t\t<div class=\"elementor-widget-container\">\n\t\t\t\t\t\t\t\t\t<div class=\"elementor-button-wrapper\">\n\t\t\t\t\t<a class=\"elementor-button elementor-button-link elementor-size-sm elementor-animation-grow\" href=\"https:\/\/marianroos.nl\/index.php\/agenda\/\">\n\t\t\t\t\t\t<span class=\"elementor-button-content-wrapper\">\n\t\t\t\t\t\t\t\t\t<span class=\"elementor-button-text\">Ontdek Meer<\/span>\n\t\t\t\t\t<\/span>\n\t\t\t\t\t<\/a>\n\t\t\t\t<\/div>\n\t\t\t\t\t\t\t\t<\/div>\n\t\t\t\t<\/div>\n\t\t\t\t\t<\/div>\n\t\t\t\t<\/div>\n\t\t\t\t<\/div>\n\t\t\t\t<\/div>\n\t\t","protected":false},"excerpt":{"rendered":"<p>&#8221; De connectie maken met je adem is de eerste stap naar zelfheling en bewustzijn.&#8221; De connectie maken met je adem is de eerste stap naar zelfheling en bewustzijn.&#8221; Mogen jouw innerlijke kinderen mee op reis? Je innerlijke kinderen zijn die deeltjes in jezelf die vaak diep verborgen\u00a0zitten en die allemaal stukjes trauma van vroeger [&hellip;]<\/p>\n","protected":false},"author":1,"featured_media":0,"parent":0,"menu_order":0,"comment_status":"closed","ping_status":"closed","template":"elementor_header_footer","meta":{"_themeisle_gutenberg_block_has_review":false,"footnotes":""},"class_list":["post-19","page","type-page","status-publish","hentry"],"_links":{"self":[{"href":"https:\/\/marianroos.nl\/index.php\/wp-json\/wp\/v2\/pages\/19","targetHints":{"allow":["GET"]}}],"collection":[{"href":"https:\/\/marianroos.nl\/index.php\/wp-json\/wp\/v2\/pages"}],"about":[{"href":"https:\/\/marianroos.nl\/index.php\/wp-json\/wp\/v2\/types\/page"}],"author":[{"embeddable":true,"href":"https:\/\/marianroos.nl\/index.php\/wp-json\/wp\/v2\/users\/1"}],"replies":[{"embeddable":true,"href":"https:\/\/marianroos.nl\/index.php\/wp-json\/wp\/v2\/comments?post=19"}],"version-history":[{"count":122,"href":"https:\/\/marianroos.nl\/index.php\/wp-json\/wp\/v2\/pages\/19\/revisions"}],"predecessor-version":[{"id":744,"href":"https:\/\/marianroos.nl\/index.php\/wp-json\/wp\/v2\/pages\/19\/revisions\/744"}],"wp:attachment":[{"href":"https:\/\/marianroos.nl\/index.php\/wp-json\/wp\/v2\/media?parent=19"}],"curies":[{"name":"wp","href":"https:\/\/api.w.org\/{rel}","templated":true}]}}